{"id":10,"date":"2022-04-17T13:42:37","date_gmt":"2022-04-17T13:42:37","guid":{"rendered":"http:\/\/quantaselectric.com\/?page_id=10"},"modified":"2026-03-27T20:20:32","modified_gmt":"2026-03-27T20:20:32","slug":"homepage","status":"publish","type":"page","link":"https:\/\/quantaselectric.com\/","title":{"rendered":"Homepage"},"content":{"rendered":"<p>[vc_row type=&#8221;full_width_section&#8221;][vc_column width=&#8221;1\/1&#8243;]<div class=\"flexslider wpb_content_element\"><ul class=\"slides\"><li><img decoding=\"async\" src=\"https:\/\/quantaselectric.com\/wp-content\/uploads\/2022\/04\/slider_1-1-scaled.jpg\" alt=\"\" \/><\/li><\/ul><\/div><div class=\"spacer\" style=\"height: 25px;\"><\/div>[\/vc_column][\/vc_row][vc_row top_padding=&#8221;25&#8243; bottom_padding=&#8221;25&#8243; row_id=&#8221;nosotros&#8221;][vc_column animation=&#8221;fade-in-from-bottom&#8221; width=&#8221;1\/2&#8243;]<div class=\"single_image wpb_content_element align-left    \" data-animation=\"none\" data-delay=\"0\"><img loading=\"lazy\" decoding=\"async\" width=\"1200\" height=\"1000\" src=\"https:\/\/quantaselectric.com\/wp-content\/uploads\/2022\/04\/imagen_1.png\" class=\"attachment-full\" alt=\"\" title=\"imagen_1\" srcset=\"https:\/\/quantaselectric.com\/wp-content\/uploads\/2022\/04\/imagen_1.png 1200w, https:\/\/quantaselectric.com\/wp-content\/uploads\/2022\/04\/imagen_1-300x250.png 300w, https:\/\/quantaselectric.com\/wp-content\/uploads\/2022\/04\/imagen_1-1024x853.png 1024w, https:\/\/quantaselectric.com\/wp-content\/uploads\/2022\/04\/imagen_1-768x640.png 768w\" sizes=\"auto, (max-width: 1200px) 100vw, 1200px\" \/><\/div>[\/vc_column][vc_column animation=&#8221;fade-in-from-bottom&#8221; width=&#8221;1\/2&#8243;]<div class=\"headline font-inherit fontsize-m fontweight-400 lh-12 align-left transform-inherit \" style=\"margin: 0 0 5px 0; color: #dd3333;\">Sobre nosotros<\/div><h1 class=\"headline font-inherit fontsize-xxxl fontweight-800 lh-12 align-left transform-inherit \" style=\"margin: 0 0 20px 0;\">Una compa\u00f1ia con experiencia<\/h1>[vc_column_text]<i><span style=\"font-weight: 400;\">Quantas Electrical Services <\/span><\/i><span style=\"font-weight: 400;\">es una empresa internacional de desarrollo de proyectos el\u00e9ctricos de alta, media y baja tensi\u00f3n, desde el desarrollo de planos hasta la construcci\u00f3n y puesta en marcha, pasando por el dise\u00f1o y gesti\u00f3n, optimizando todos sus recursos, para una instalaci\u00f3n eficiente y confiable, que garantice la continuidad de la energ\u00eda.<\/span><\/p>\n<p><span style=\"font-weight: 400;\">Nos centraremos en la Gerencia, Gesti\u00f3n y Administraci\u00f3n de proyectos el\u00e9ctricos de alta, media y baja tensi\u00f3n. Vamos a ser los \u00fanicos responsables de dar soporte a todos los servicios existentes de manera profesional, transparente y eficaz con soluciones de alto valor a\u00f1adido.<\/span><\/p>\n<p><span style=\"font-weight: 400;\">Tenemos <strong>m\u00e1s de 15 a\u00f1os de experiencia en el sector<\/strong>. Cada uno de los clientes tendr\u00e1 distintas necesidades, ofreceremos soluciones a medida y una atenci\u00f3n personalizada.<\/span>[\/vc_column_text][\/vc_column][\/vc_row][vc_row][vc_column animation=&#8221;fade-in-from-bottom&#8221; width=&#8221;1\/1&#8243;]<div class=\"spacer\" style=\"height: 25px;\"><\/div><div class=\"headline font-inherit fontsize-m fontweight-400 lh-12 align-center transform-inherit \" style=\"margin: 0 0 5px 0; color: #dd3333;\">Beneficios<\/div><h2 class=\"headline font-inherit fontsize-xxxl fontweight-800 lh-12 align-center transform-inherit \" style=\"margin: 0 0 20px 0;\">\u00bfPor qu\u00e9 elegirnos?<\/h2>[vc_row_inner][vc_column_inner width=&#8221;1\/3&#8243;]<div class=\"single_image wpb_content_element align-left    \" data-animation=\"none\" data-delay=\"0\"><img loading=\"lazy\" decoding=\"async\" width=\"600\" height=\"350\" src=\"https:\/\/quantaselectric.com\/wp-content\/uploads\/2022\/04\/imagen_2.png\" class=\"attachment-full\" alt=\"\" title=\"imagen_2\" srcset=\"https:\/\/quantaselectric.com\/wp-content\/uploads\/2022\/04\/imagen_2.png 600w, https:\/\/quantaselectric.com\/wp-content\/uploads\/2022\/04\/imagen_2-300x175.png 300w\" sizes=\"auto, (max-width: 600px) 100vw, 600px\" \/><\/div><div class=\"headline font-inherit fontsize-l fontweight-600 lh-inherit align-left transform-inherit \" style=\"margin: -25px 0 20px 0;\">Somos de confianza<\/div>[\/vc_column_inner][vc_column_inner width=&#8221;1\/3&#8243;]<div class=\"single_image wpb_content_element align-left    \" data-animation=\"none\" data-delay=\"0\"><img loading=\"lazy\" decoding=\"async\" width=\"600\" height=\"350\" src=\"https:\/\/quantaselectric.com\/wp-content\/uploads\/2022\/04\/imagen_3.png\" class=\"attachment-full\" alt=\"\" title=\"imagen_3\" srcset=\"https:\/\/quantaselectric.com\/wp-content\/uploads\/2022\/04\/imagen_3.png 600w, https:\/\/quantaselectric.com\/wp-content\/uploads\/2022\/04\/imagen_3-300x175.png 300w\" sizes=\"auto, (max-width: 600px) 100vw, 600px\" \/><\/div><div class=\"headline font-inherit fontsize-l fontweight-600 lh-inherit align-left transform-inherit \" style=\"margin: -25px 0 20px 0;\">Lo \u00faltimo en tecnolog\u00eda <\/div>[\/vc_column_inner][vc_column_inner width=&#8221;1\/3&#8243;]<div class=\"single_image wpb_content_element align-left    \" data-animation=\"none\" data-delay=\"0\"><img loading=\"lazy\" decoding=\"async\" width=\"600\" height=\"350\" src=\"https:\/\/quantaselectric.com\/wp-content\/uploads\/2022\/04\/imagen_4.png\" class=\"attachment-full\" alt=\"\" title=\"imagen_4\" srcset=\"https:\/\/quantaselectric.com\/wp-content\/uploads\/2022\/04\/imagen_4.png 600w, https:\/\/quantaselectric.com\/wp-content\/uploads\/2022\/04\/imagen_4-300x175.png 300w\" sizes=\"auto, (max-width: 600px) 100vw, 600px\" \/><\/div><div class=\"headline font-inherit fontsize-l fontweight-600 lh-inherit align-left transform-inherit \" style=\"margin: -25px 0 20px 0;\">La experiencia nos respalda<\/div>[\/vc_column_inner][\/vc_row_inner][\/vc_column][\/vc_row][vc_row][vc_column width=&#8221;1\/1&#8243;][vc_raw_html]JTNDZm9vdGVyJTIwc3R5bGUlM0QlMjJ0ZXh0LWFsaWduJTNBY2VudGVyJTNCJTIwcGFkZGluZyUzQTIwcHglM0IlMjBiYWNrZ3JvdW5kLWNvbG9yJTNBJTIzZjJmMmYyJTNCJTIyJTNFJTBBJTIwJTIwJTNDcCUyMHN0eWxlJTNEJTIyZm9udC1zaXplJTNBMjBweCUzQiUyMGZvbnQtd2VpZ2h0JTNBYm9sZCUzQiUyMiUzRSUwQSUyMCUyMCUyMCUyMCUzQ2ElMjBocmVmJTNEJTIyaHR0cHMlM0ElMkYlMkZxdWFudGFzZWxlY3RyaWMuY29tJTJGaW5kZXgucGhwJTJGcG9saXRpY2EtZGUtY2FsaWRhZCUyRiUyMiUyMHRhcmdldCUzRCUyMl9ibGFuayUyMiUyMHN0eWxlJTNEJTIydGV4dC10cmFuc2Zvcm0lM0F1cHBlcmNhc2UlM0IlMjB0ZXh0LWRlY29yYXRpb24lM0Fub25lJTNCJTIwY29sb3IlM0ElMjMwMDAlM0IlMjIlM0UlMEElMjAlMjAlMjAlMjAlMjAlMjBQT0wlQzMlOERUSUNBJTIwREUlMjBDQUxJREFEJTBBJTIwJTIwJTIwJTIwJTNDJTJGYSUzRSUwQSUyMCUyMCUzQyUyRnAlM0UlMEElM0MlMkZmb290ZXIlM0U=[\/vc_raw_html][\/vc_column][\/vc_row]<\/p>\n","protected":false},"excerpt":{"rendered":"<p>[vc_row type=&#8221;full_width_section&#8221;][vc_column width=&#8221;1\/1&#8243;][\/vc_column][\/vc_row][vc_row top_padding=&#8221;25&#8243; bottom_padding=&#8221;25&#8243; row_id=&#8221;nosotros&#8221;][vc_column animation=&#8221;fade-in-from-bottom&#8221; width=&#8221;1\/2&#8243;][\/vc_column][vc_column animation=&#8221;fade-in-from-bottom&#8221; width=&#8221;1\/2&#8243;][vc_column_text]Quantas Electrical Services es una empresa internacional de desarrollo de proyectos el\u00e9ctricos de alta, media y baja tensi\u00f3n, desde el desarrollo de planos hasta la construcci\u00f3n y puesta en marcha, pasando por el dise\u00f1o y gesti\u00f3n, optimizando todos sus recursos, para una instalaci\u00f3n eficiente y confiable, que garantice la continuidad de la energ\u00eda. Nos centraremos en la Gerencia, Gesti\u00f3n y Administraci\u00f3n de proyectos el\u00e9ctricos de alta, media y baja tensi\u00f3n. Vamos a ser los \u00fanicos responsables de dar soporte a todos los servicios existentes de manera profesional, transparente y eficaz con soluciones de alto valor a\u00f1adido. Tenemos m\u00e1s de 15 a\u00f1os de experiencia en el sector. Cada uno de los clientes tendr\u00e1 distintas necesidades, ofreceremos soluciones a medida y una atenci\u00f3n personalizada.[\/vc_column_text][\/vc_column][\/vc_row][vc_row][vc_column animation=&#8221;fade-in-from-bottom&#8221; width=&#8221;1\/1&#8243;][vc_row_inner][vc_column_inner width=&#8221;1\/3&#8243;][\/vc_column_inner][vc_column_inner width=&#8221;1\/3&#8243;][\/vc_column_inner][vc_column_inner width=&#8221;1\/3&#8243;][\/vc_column_inner][\/vc_row_inner][\/vc_column][\/vc_row][vc_row][vc_column width=&#8221;1\/1&#8243;][vc_raw_html]JTNDZm9vdGVyJTIwc3R5bGUlM0QlMjJ0ZXh0LWFsaWduJTNBY2VudGVyJTNCJTIwcGFkZGluZyUzQTIwcHglM0IlMjBiYWNrZ3JvdW5kLWNvbG9yJTNBJTIzZjJmMmYyJTNCJTIyJTNFJTBBJTIwJTIwJTNDcCUyMHN0eWxlJTNEJTIyZm9udC1zaXplJTNBMjBweCUzQiUyMGZvbnQtd2VpZ2h0JTNBYm9sZCUzQiUyMiUzRSUwQSUyMCUyMCUyMCUyMCUzQ2ElMjBocmVmJTNEJTIyaHR0cHMlM0ElMkYlMkZxdWFudGFzZWxlY3RyaWMuY29tJTJGaW5kZXgucGhwJTJGcG9saXRpY2EtZGUtY2FsaWRhZCUyRiUyMiUyMHRhcmdldCUzRCUyMl9ibGFuayUyMiUyMHN0eWxlJTNEJTIydGV4dC10cmFuc2Zvcm0lM0F1cHBlcmNhc2UlM0IlMjB0ZXh0LWRlY29yYXRpb24lM0Fub25lJTNCJTIwY29sb3IlM0ElMjMwMDAlM0IlMjIlM0UlMEElMjAlMjAlMjAlMjAlMjAlMjBQT0wlQzMlOERUSUNBJTIwREUlMjBDQUxJREFEJTBBJTIwJTIwJTIwJTIwJTNDJTJGYSUzRSUwQSUyMCUyMCUzQyUyRnAlM0UlMEElM0MlMkZmb290ZXIlM0U=[\/vc_raw_html][\/vc_column][\/vc_row]<\/p>\n","protected":false},"author":1,"featured_media":0,"parent":0,"menu_order":0,"comment_status":"closed","ping_status":"closed","template":"","meta":{"iawp_total_views":136,"footnotes":""},"class_list":["post-10","page","type-page","status-publish","hentry"],"_links":{"self":[{"href":"https:\/\/quantaselectric.com\/index.php\/wp-json\/wp\/v2\/pages\/10","targetHints":{"allow":["GET"]}}],"collection":[{"href":"https:\/\/quantaselectric.com\/index.php\/wp-json\/wp\/v2\/pages"}],"about":[{"href":"https:\/\/quantaselectric.com\/index.php\/wp-json\/wp\/v2\/types\/page"}],"author":[{"embeddable":true,"href":"https:\/\/quantaselectric.com\/index.php\/wp-json\/wp\/v2\/users\/1"}],"replies":[{"embeddable":true,"href":"https:\/\/quantaselectric.com\/index.php\/wp-json\/wp\/v2\/comments?post=10"}],"version-history":[{"count":18,"href":"https:\/\/quantaselectric.com\/index.php\/wp-json\/wp\/v2\/pages\/10\/revisions"}],"predecessor-version":[{"id":123,"href":"https:\/\/quantaselectric.com\/index.php\/wp-json\/wp\/v2\/pages\/10\/revisions\/123"}],"wp:attachment":[{"href":"https:\/\/quantaselectric.com\/index.php\/wp-json\/wp\/v2\/media?parent=10"}],"curies":[{"name":"wp","href":"https:\/\/api.w.org\/{rel}","templated":true}]}}