{"id":120,"date":"2026-03-27T20:16:02","date_gmt":"2026-03-27T20:16:02","guid":{"rendered":"https:\/\/quantaselectric.com\/?page_id=120"},"modified":"2026-03-27T20:16:03","modified_gmt":"2026-03-27T20:16:03","slug":"politica-de-calidad","status":"publish","type":"page","link":"https:\/\/quantaselectric.com\/index.php\/politica-de-calidad\/","title":{"rendered":"POL\u00cdTICA DE CALIDAD"},"content":{"rendered":"\n<p><strong>POL\u00cdTICA DE CALIDAD<\/strong><\/p>\n\n\n\n<p><em>Fecha de \u00faltima actualizaci\u00f3n: 16 de marzo 2026<\/em><\/p>\n\n\n\n<p><em>\u201cQUANTAS ELECTRICAL SERVICES dedicada a la ejecuci\u00f3n de obras civiles y proyectos el\u00e9ctricos de baja y media tensi\u00f3n en Panam\u00e1, se compromete a satisfacer los requisitos de sus clientes y las partes interesadas, cumpliendo con la normativa legal y reglamentaria aplicable, mediante la ejecuci\u00f3n de proyectos seguros, confiables y dentro de los plazos establecidos; promoviendo la mejora continua del Sistema de Gesti\u00f3n de la Calidad, el enfoque basado en procesos y la gesti\u00f3n de riesgos, as\u00ed como el desarrollo de las competencias de su personal y el uso eficiente de los recursos, proporcionando un marco de referencia para el establecimiento y revisi\u00f3n de los objetivos de calidad<\/em><em>\u201d.<\/em><\/p>\n\n\n\n<p><\/p>\n","protected":false},"excerpt":{"rendered":"<p>POL\u00cdTICA DE CALIDAD Fecha de \u00faltima actualizaci\u00f3n: 16 de marzo 2026 \u201cQUANTAS ELECTRICAL SERVICES dedicada a la ejecuci\u00f3n de obras civiles y proyectos el\u00e9ctricos de baja y media tensi\u00f3n en Panam\u00e1, se compromete a satisfacer los requisitos de sus clientes y las partes interesadas, cumpliendo con la normativa legal y reglamentaria aplicable, mediante la ejecuci\u00f3n de proyectos seguros, confiables y dentro de los plazos establecidos; promoviendo la mejora continua del Sistema de Gesti\u00f3n de la Calidad, el enfoque basado en procesos y la gesti\u00f3n de riesgos, as\u00ed como el desarrollo de las competencias de su personal y el uso eficiente de los recursos, proporcionando un marco de referencia para el establecimiento y revisi\u00f3n de los objetivos de calidad\u201d.<\/p>\n","protected":false},"author":2,"featured_media":0,"parent":0,"menu_order":0,"comment_status":"closed","ping_status":"closed","template":"","meta":{"iawp_total_views":19,"footnotes":""},"class_list":["post-120","page","type-page","status-publish","hentry"],"_links":{"self":[{"href":"https:\/\/quantaselectric.com\/index.php\/wp-json\/wp\/v2\/pages\/120","targetHints":{"allow":["GET"]}}],"collection":[{"href":"https:\/\/quantaselectric.com\/index.php\/wp-json\/wp\/v2\/pages"}],"about":[{"href":"https:\/\/quantaselectric.com\/index.php\/wp-json\/wp\/v2\/types\/page"}],"author":[{"embeddable":true,"href":"https:\/\/quantaselectric.com\/index.php\/wp-json\/wp\/v2\/users\/2"}],"replies":[{"embeddable":true,"href":"https:\/\/quantaselectric.com\/index.php\/wp-json\/wp\/v2\/comments?post=120"}],"version-history":[{"count":2,"href":"https:\/\/quantaselectric.com\/index.php\/wp-json\/wp\/v2\/pages\/120\/revisions"}],"predecessor-version":[{"id":122,"href":"https:\/\/quantaselectric.com\/index.php\/wp-json\/wp\/v2\/pages\/120\/revisions\/122"}],"wp:attachment":[{"href":"https:\/\/quantaselectric.com\/index.php\/wp-json\/wp\/v2\/media?parent=120"}],"curies":[{"name":"wp","href":"https:\/\/api.w.org\/{rel}","templated":true}]}}