{"id":58,"date":"2022-04-23T23:20:25","date_gmt":"2022-04-23T23:20:25","guid":{"rendered":"http:\/\/quantaselectric.com\/?page_id=58"},"modified":"2026-03-27T20:21:26","modified_gmt":"2026-03-27T20:21:26","slug":"sobre-nosotros","status":"publish","type":"page","link":"https:\/\/quantaselectric.com\/index.php\/sobre-nosotros\/","title":{"rendered":"Sobre nosotros"},"content":{"rendered":"<p>[vc_row][vc_column width=&#8221;1\/1&#8243;]<h1 class=\"headline font-inherit fontsize-xl fontweight-700 lh-inherit align-left transform-inherit \" style=\"margin: 0 0 20px 0;\">Conoce nuestra compa\u00f1ia<\/h1>[\/vc_column][\/vc_row][vc_row][vc_column width=&#8221;1\/2&#8243;]<div class=\"single_image wpb_content_element align-left    \" data-animation=\"none\" data-delay=\"0\"><img loading=\"lazy\" decoding=\"async\" width=\"1200\" height=\"1000\" src=\"https:\/\/quantaselectric.com\/wp-content\/uploads\/2022\/04\/imagen_1.png\" class=\"attachment-full\" alt=\"\" title=\"imagen_1\" srcset=\"https:\/\/quantaselectric.com\/wp-content\/uploads\/2022\/04\/imagen_1.png 1200w, https:\/\/quantaselectric.com\/wp-content\/uploads\/2022\/04\/imagen_1-300x250.png 300w, https:\/\/quantaselectric.com\/wp-content\/uploads\/2022\/04\/imagen_1-1024x853.png 1024w, https:\/\/quantaselectric.com\/wp-content\/uploads\/2022\/04\/imagen_1-768x640.png 768w\" sizes=\"auto, (max-width: 1200px) 100vw, 1200px\" \/><\/div>[\/vc_column][vc_column width=&#8221;1\/2&#8243;][vc_column_text]<i><span style=\"font-weight: 400;\">Quantas Electrical Services <\/span><\/i><span style=\"font-weight: 400;\">es una empresa internacional de desarrollo de proyectos el\u00e9ctricos de alta, media y baja tensi\u00f3n, desde el desarrollo de planos hasta la construcci\u00f3n y puesta en marcha, pasando por el dise\u00f1o y gesti\u00f3n, optimizando todos sus recursos, para una instalaci\u00f3n eficiente y confiable, que garantice la continuidad de la energ\u00eda.<\/span><\/p>\n<p><span style=\"font-weight: 400;\">Nos centraremos en la Gerencia, Gesti\u00f3n y Administraci\u00f3n de proyectos el\u00e9ctricos de alta, media y baja tensi\u00f3n. Vamos a ser los \u00fanicos responsables de dar soporte a todos los servicios existentes de manera profesional, transparente y eficaz con soluciones de alto valor a\u00f1adido.<\/span><\/p>\n<p><span style=\"font-weight: 400;\">Tenemos <strong>m\u00e1s de 15 a\u00f1os de experiencia en el sector<\/strong>. Cada uno de los clientes tendr\u00e1 distintas necesidades, ofreceremos soluciones a medida y una atenci\u00f3n personalizada.<\/span>[\/vc_column_text][\/vc_column][\/vc_row][vc_row][vc_column width=&#8221;1\/1&#8243;][vc_empty_space height=&#8221;50px&#8221;][\/vc_column][\/vc_row][vc_row][vc_column width=&#8221;1\/1&#8243;]<h2 class=\"headline font-inherit fontsize-l fontweight-700 lh-inherit align-center transform-inherit \" style=\"margin: 0 0 20px 0;\">Conoce nuestra misi\u00f3n, visi\u00f3n<\/h2>[vc_row_inner][vc_column_inner width=&#8221;1\/2&#8243;]<div class=\"iconbox  wpb_content_element iconbox-style-2 icon-color-accent color-dark clearfix\"><div class=\"iconbox-icon\"><i class=\"fa fa-dot-circle-o boxicon\" style=\"\"><\/i><\/div><div class=\"iconbox-content\"><h3>Misi\u00f3n<\/h3><p><span style=\"font-weight: 400;\">Atender las necesidades de nuestros clientes, aport\u00e1ndoles valor a\u00f1adido y ofreci\u00e9ndoles soluciones competitivas, innovadoras y eficientes.<\/span><\/p><\/div><\/div>[\/vc_column_inner][vc_column_inner width=&#8221;1\/2&#8243;]<div class=\"iconbox  wpb_content_element iconbox-style-2 icon-color-accent color-dark clearfix\"><div class=\"iconbox-icon\"><i class=\"fa fa-dot-circle-o boxicon\" style=\"\"><\/i><\/div><div class=\"iconbox-content\"><h3>Visi\u00f3n<\/h3><p><span style=\"font-weight: 400;\">Ser una compa\u00f1\u00eda de referencia en la Gerencia, Gesti\u00f3n y Administraci\u00f3n de proyectos el\u00e9ctricos de alta, media y baja tensi\u00f3n, con capacidad para\u00a0 \u00a0 atender a cualquier tipo de clientes y reconocida por la calidad de su servicio.<\/span><\/p><\/div><\/div>[\/vc_column_inner][\/vc_row_inner][\/vc_column][\/vc_row][vc_row][vc_column width=&#8221;1\/1&#8243;][vc_empty_space height=&#8221;50px&#8221;][\/vc_column][\/vc_row][vc_row][vc_column width=&#8221;1\/1&#8243;]<h2 class=\"headline font-inherit fontsize-l fontweight-700 lh-inherit align-center transform-inherit \" style=\"margin: 0 0 20px 0;\">Nuestros valores nos hacen quien somos<\/h2>[vc_row_inner][vc_column_inner width=&#8221;1\/3&#8243;]<div class=\"iconbox  wpb_content_element iconbox-style-2 icon-color-accent color-dark clearfix\"><div class=\"iconbox-icon\"><i class=\"fa fa-arrow-circle-o-right boxicon\" style=\"\"><\/i><\/div><div class=\"iconbox-content\"><h3>Innovaci\u00f3n y Mejora Continua<\/h3><p><\/p><\/div><\/div>[\/vc_column_inner][vc_column_inner width=&#8221;1\/3&#8243;]<div class=\"iconbox  wpb_content_element iconbox-style-2 icon-color-accent color-dark clearfix\"><div class=\"iconbox-icon\"><i class=\"fa fa-arrow-circle-o-right boxicon\" style=\"\"><\/i><\/div><div class=\"iconbox-content\"><h3>Integridad<\/h3><p><\/p><\/div><\/div>[\/vc_column_inner][vc_column_inner width=&#8221;1\/3&#8243;]<div class=\"iconbox  wpb_content_element iconbox-style-2 icon-color-accent color-dark clearfix\"><div class=\"iconbox-icon\"><i class=\"fa fa-arrow-circle-o-right boxicon\" style=\"\"><\/i><\/div><div class=\"iconbox-content\"><h3>Proyecci\u00f3n de Futuro<\/h3><p><\/p><\/div><\/div>[\/vc_column_inner][\/vc_row_inner][\/vc_column][\/vc_row][vc_row][vc_column width=&#8221;1\/1&#8243;][vc_raw_html]JTNDZm9vdGVyJTIwc3R5bGUlM0QlMjJ0ZXh0LWFsaWduJTNBY2VudGVyJTNCJTIwcGFkZGluZyUzQTIwcHglM0IlMjBiYWNrZ3JvdW5kLWNvbG9yJTNBJTIzZjJmMmYyJTNCJTIyJTNFJTBBJTIwJTIwJTNDcCUyMHN0eWxlJTNEJTIyZm9udC1zaXplJTNBMjBweCUzQiUyMGZvbnQtd2VpZ2h0JTNBYm9sZCUzQiUyMiUzRSUwQSUyMCUyMCUyMCUyMCUzQ2ElMjBocmVmJTNEJTIyaHR0cHMlM0ElMkYlMkZxdWFudGFzZWxlY3RyaWMuY29tJTJGaW5kZXgucGhwJTJGcG9saXRpY2EtZGUtY2FsaWRhZCUyRiUyMiUyMHRhcmdldCUzRCUyMl9ibGFuayUyMiUyMHN0eWxlJTNEJTIydGV4dC10cmFuc2Zvcm0lM0F1cHBlcmNhc2UlM0IlMjB0ZXh0LWRlY29yYXRpb24lM0Fub25lJTNCJTIwY29sb3IlM0ElMjMwMDAlM0IlMjIlM0UlMEElMjAlMjAlMjAlMjAlMjAlMjBQT0wlQzMlOERUSUNBJTIwREUlMjBDQUxJREFEJTBBJTIwJTIwJTIwJTIwJTNDJTJGYSUzRSUwQSUyMCUyMCUzQyUyRnAlM0UlMEElM0MlMkZmb290ZXIlM0U=[\/vc_raw_html][\/vc_column][\/vc_row]<\/p>\n","protected":false},"excerpt":{"rendered":"<p>[vc_row][vc_column width=&#8221;1\/1&#8243;][\/vc_column][\/vc_row][vc_row][vc_column width=&#8221;1\/2&#8243;][\/vc_column][vc_column width=&#8221;1\/2&#8243;][vc_column_text]Quantas Electrical Services es una empresa internacional de desarrollo de proyectos el\u00e9ctricos de alta, media y baja tensi\u00f3n, desde el desarrollo de planos hasta la construcci\u00f3n y puesta en marcha, pasando por el dise\u00f1o y gesti\u00f3n, optimizando todos sus recursos, para una instalaci\u00f3n eficiente y confiable, que garantice la continuidad de la energ\u00eda. Nos centraremos en la Gerencia, Gesti\u00f3n y Administraci\u00f3n de proyectos el\u00e9ctricos de alta, media y baja tensi\u00f3n. Vamos a ser los \u00fanicos responsables de dar soporte a todos los servicios existentes de manera profesional, transparente y eficaz con soluciones de alto valor a\u00f1adido. Tenemos m\u00e1s de 15 a\u00f1os de experiencia en el sector. Cada uno de los clientes tendr\u00e1 distintas necesidades, ofreceremos soluciones a medida y una atenci\u00f3n personalizada.[\/vc_column_text][\/vc_column][\/vc_row][vc_row][vc_column width=&#8221;1\/1&#8243;][vc_empty_space height=&#8221;50px&#8221;][\/vc_column][\/vc_row][vc_row][vc_column width=&#8221;1\/1&#8243;][vc_row_inner][vc_column_inner width=&#8221;1\/2&#8243;][\/vc_column_inner][vc_column_inner width=&#8221;1\/2&#8243;][\/vc_column_inner][\/vc_row_inner][\/vc_column][\/vc_row][vc_row][vc_column width=&#8221;1\/1&#8243;][vc_empty_space height=&#8221;50px&#8221;][\/vc_column][\/vc_row][vc_row][vc_column width=&#8221;1\/1&#8243;][vc_row_inner][vc_column_inner width=&#8221;1\/3&#8243;][\/vc_column_inner][vc_column_inner width=&#8221;1\/3&#8243;][\/vc_column_inner][vc_column_inner width=&#8221;1\/3&#8243;][\/vc_column_inner][\/vc_row_inner][\/vc_column][\/vc_row][vc_row][vc_column width=&#8221;1\/1&#8243;][vc_raw_html]JTNDZm9vdGVyJTIwc3R5bGUlM0QlMjJ0ZXh0LWFsaWduJTNBY2VudGVyJTNCJTIwcGFkZGluZyUzQTIwcHglM0IlMjBiYWNrZ3JvdW5kLWNvbG9yJTNBJTIzZjJmMmYyJTNCJTIyJTNFJTBBJTIwJTIwJTNDcCUyMHN0eWxlJTNEJTIyZm9udC1zaXplJTNBMjBweCUzQiUyMGZvbnQtd2VpZ2h0JTNBYm9sZCUzQiUyMiUzRSUwQSUyMCUyMCUyMCUyMCUzQ2ElMjBocmVmJTNEJTIyaHR0cHMlM0ElMkYlMkZxdWFudGFzZWxlY3RyaWMuY29tJTJGaW5kZXgucGhwJTJGcG9saXRpY2EtZGUtY2FsaWRhZCUyRiUyMiUyMHRhcmdldCUzRCUyMl9ibGFuayUyMiUyMHN0eWxlJTNEJTIydGV4dC10cmFuc2Zvcm0lM0F1cHBlcmNhc2UlM0IlMjB0ZXh0LWRlY29yYXRpb24lM0Fub25lJTNCJTIwY29sb3IlM0ElMjMwMDAlM0IlMjIlM0UlMEElMjAlMjAlMjAlMjAlMjAlMjBQT0wlQzMlOERUSUNBJTIwREUlMjBDQUxJREFEJTBBJTIwJTIwJTIwJTIwJTNDJTJGYSUzRSUwQSUyMCUyMCUzQyUyRnAlM0UlMEElM0MlMkZmb290ZXIlM0U=[\/vc_raw_html][\/vc_column][\/vc_row]<\/p>\n","protected":false},"author":1,"featured_media":0,"parent":0,"menu_order":0,"comment_status":"closed","ping_status":"closed","template":"","meta":{"iawp_total_views":19,"footnotes":""},"class_list":["post-58","page","type-page","status-publish","hentry"],"_links":{"self":[{"href":"https:\/\/quantaselectric.com\/index.php\/wp-json\/wp\/v2\/pages\/58","targetHints":{"allow":["GET"]}}],"collection":[{"href":"https:\/\/quantaselectric.com\/index.php\/wp-json\/wp\/v2\/pages"}],"about":[{"href":"https:\/\/quantaselectric.com\/index.php\/wp-json\/wp\/v2\/types\/page"}],"author":[{"embeddable":true,"href":"https:\/\/quantaselectric.com\/index.php\/wp-json\/wp\/v2\/users\/1"}],"replies":[{"embeddable":true,"href":"https:\/\/quantaselectric.com\/index.php\/wp-json\/wp\/v2\/comments?post=58"}],"version-history":[{"count":21,"href":"https:\/\/quantaselectric.com\/index.php\/wp-json\/wp\/v2\/pages\/58\/revisions"}],"predecessor-version":[{"id":127,"href":"https:\/\/quantaselectric.com\/index.php\/wp-json\/wp\/v2\/pages\/58\/revisions\/127"}],"wp:attachment":[{"href":"https:\/\/quantaselectric.com\/index.php\/wp-json\/wp\/v2\/media?parent=58"}],"curies":[{"name":"wp","href":"https:\/\/api.w.org\/{rel}","templated":true}]}}